{"id":842,"date":"2021-05-12T13:33:51","date_gmt":"2021-05-12T11:33:51","guid":{"rendered":"https:\/\/infinity-economics.io\/get-started-now\/"},"modified":"2021-06-02T16:42:42","modified_gmt":"2021-06-02T14:42:42","slug":"loslegen","status":"publish","type":"page","link":"https:\/\/infinity-economics.io\/de\/loslegen\/","title":{"rendered":"Get started now! \u2022 Infinity Economics Platform"},"content":{"rendered":"[vc_row css=&#8220;.vc_custom_1620928855320{background-image: url(<a href=\"https:\/\/infinity-economics.io\/wp-content\/uploads\/2021\/05\/IE_Preheader_v001.jpg?id=230\">https:\/\/infinity-economics.io\/wp-content\/uploads\/2021\/05\/IE_Preheader_v001.jpg?id=230<\/a>) !important;background-position: center !important;background-repeat: no-repeat !important;background-size: cover !important;}&#8220;][vc_column][vc_custom_heading text=&#8220;Unser XIN-Coin zeichnet sich durch eine Vielfalt an Vorteilen aus, \u00fcberzeug dich selbst!&#8220; font_container=&#8220;tag:h1|font_size:36px|text_align:center|color:%23ffffff&#8220; google_fonts=&#8220;font_family:Montserrat%3Aregular%2C700|font_style:400%20regular%3A400%3Anormal&#8220; css=&#8220;.vc_custom_1621266018714{margin-top: 100px !important;margin-bottom: 100px !important;}&#8220;][\/vc_column][\/vc_row][vc_row el_class=&#8220;row-white&#8220;][vc_column width=&#8220;1\/3&#8243;][vc_icon icon_fontawesome=&#8220;fas fa-tachometer-alt&#8220; color=&#8220;custom&#8220; size=&#8220;lg&#8220; align=&#8220;center&#8220; custom_color=&#8220;#e72d45&#8243;][vc_custom_heading text=&#8220;Transaktionsgeschwindigkeit&#8220; font_container=&#8220;tag:h2|font_size:24px|text_align:center&#8220; google_fonts=&#8220;font_family:Montserrat%3Aregular%2C700|font_style:700%20bold%20regular%3A700%3Anormal&#8220;][vc_column_text]\r\n<p style=\"text-align: center;\">Die Zeit bis eine Transaktion (z.B. Bezahlung) abgeschlossen wird ist deutlich geringer als bei anderen Coins.<\/p>\r\n[\/vc_column_text][\/vc_column][vc_column width=&#8220;1\/3&#8243;][vc_icon icon_fontawesome=&#8220;fas fa-globe-americas&#8220; color=&#8220;custom&#8220; size=&#8220;lg&#8220; align=&#8220;center&#8220; custom_color=&#8220;#e72d45&#8243;][vc_custom_heading text=&#8220;Weltweite Akzeptanz&#8220; font_container=&#8220;tag:h2|font_size:24px|text_align:center&#8220; google_fonts=&#8220;font_family:Montserrat%3Aregular%2C700|font_style:700%20bold%20regular%3A700%3Anormal&#8220;][vc_column_text]\r\n<p style=\"text-align: center;\">XIN kann in Zukunft f\u00fcr kleine Betr\u00e4ge wie deinen t\u00e4glichen Cappucino benutzt werden.<\/p>\r\n[\/vc_column_text][\/vc_column][vc_column width=&#8220;1\/3&#8243;][vc_icon icon_fontawesome=&#8220;fas fa-credit-card&#8220; color=&#8220;custom&#8220; size=&#8220;lg&#8220; align=&#8220;center&#8220; custom_color=&#8220;#e72d45&#8243;][vc_custom_heading text=&#8220;Sicheres Wallet&#8220; font_container=&#8220;tag:h2|font_size:24px|text_align:center&#8220; google_fonts=&#8220;font_family:Montserrat%3Aregular%2C700|font_style:700%20bold%20regular%3A700%3Anormal&#8220;][vc_column_text]\r\n<p style=\"text-align: center;\">Mit deinem pers\u00f6nlichen Passwort kannst du immer und von \u00fcberall auf dein Wallet zugreifen.\u00a0Dank der Blockchain wird dein Wallet redundant gesichert.<\/p>\r\n[\/vc_column_text][\/vc_column][\/vc_row][vc_row][vc_column][vc_separator][\/vc_column][\/vc_row][vc_row][vc_column width=&#8220;1\/3&#8243;][\/vc_column][vc_column width=&#8220;1\/3&#8243;][vc_custom_heading text=&#8220;So erstellst du dein Wallet in 6 einfachen Schritten:&#8220; font_container=&#8220;tag:h2|font_size:24px|text_align:left&#8220; google_fonts=&#8220;font_family:Montserrat%3Aregular%2C700|font_style:700%20bold%20regular%3A700%3Anormal&#8220; css=&#8220;.vc_custom_1621266120603{margin-top: 50px !important;}&#8220;][mnky_ordered_list number_color=&#8220;#e72d45&#8243;]Go to the Wallet page[\/mnky_ordered_list][mnky_ordered_list number=&#8220;2&#8243; number_color=&#8220;#e72d45&#8243;]Click on the \u201cNew Account\u201d-button[\/mnky_ordered_list][mnky_ordered_list number=&#8220;3&#8243; number_color=&#8220;#e72d45&#8243;]Carefully read the disclaimer[\/mnky_ordered_list][mnky_ordered_list number=&#8220;4&#8243; number_color=&#8220;#e72d45&#8243;]Note down your passphrase and your account ID (use paper &amp; pen)[\/mnky_ordered_list][mnky_ordered_list number=&#8220;5&#8243; number_color=&#8220;#e72d45&#8243;]For your own security, type in the passphrase again and\r\ncheck if your account ID is displayed[\/mnky_ordered_list][mnky_ordered_list number=&#8220;6&#8243; number_color=&#8220;#e72d45&#8243;]Finally, click on \u201cConfirm and Login\u201d[\/mnky_ordered_list][vc_btn title=&#8220;Jetzt Wallet erstellen!&#8220; style=&#8220;gradient-custom&#8220; gradient_custom_color_2=&#8220;#f3931b&#8220; shape=&#8220;round&#8220; link=&#8220;url:https%3A%2F%2Fapps.infinity-economics.io%2Fwallet%2F|title:Get%20started%20now!&#8220; el_class=&#8220;flat-black&#8220; css=&#8220;.vc_custom_1622644958877{margin-top: 50px !important;margin-bottom: 50px !important;}&#8220;][\/vc_column][vc_column width=&#8220;1\/3&#8243;][\/vc_column][\/vc_row][vc_row el_class=&#8220;row-white&#8220; css=&#8220;.vc_custom_1620930588683{padding-top: 50px !important;}&#8220;][vc_column width=&#8220;1\/2&#8243;][vc_images_carousel images=&#8220;1036&#8243; img_size=&#8220;&#8220; onclick=&#8220;link_no&#8220; autoplay=&#8220;yes&#8220; hide_pagination_control=&#8220;yes&#8220; hide_prev_next_buttons=&#8220;yes&#8220;][\/vc_column][vc_column width=&#8220;1\/2&#8243;][vc_custom_heading text=&#8220;Infinity Economics Tools&#8220; font_container=&#8220;tag:h2|font_size:24px|text_align:left&#8220; google_fonts=&#8220;font_family:Montserrat%3Aregular%2C700|font_style:700%20bold%20regular%3A700%3Anormal&#8220;][vc_column_text]<span style=\"font-size: 22px; font-weight: 300;\">Unsere offizielle Infinity Economics Tools Seite stellt dir eine \u00dcbersicht aller Apps und Tools zur Verf\u00fcgung.\u00a0<\/span>[\/vc_column_text][vc_btn title=&#8220;Infinity Economics Tools&#8220; style=&#8220;gradient-custom&#8220; gradient_custom_color_2=&#8220;#f3931b&#8220; shape=&#8220;round&#8220; link=&#8220;url:https%3A%2F%2Fapps.infinity-economics.io%2Fiep-static-site%2Fiep-tools%2F|title:Get%20started%20now!&#8220; el_class=&#8220;flat-black&#8220; css=&#8220;.vc_custom_1622644123165{margin-top: 50px !important;margin-bottom: 50px !important;}&#8220;][\/vc_column][\/vc_row][vc_row el_class=&#8220;row-grey&#8220;][vc_column width=&#8220;1\/4&#8243;][\/vc_column][vc_column width=&#8220;1\/2&#8243;][vc_custom_heading text=&#8220;So kannst du deine ersten XIN erwerben&#8220; font_container=&#8220;tag:h2|font_size:24px|text_align:left&#8220; google_fonts=&#8220;font_family:Montserrat%3Aregular%2C700|font_style:700%20bold%20regular%3A700%3Anormal&#8220;][vc_column_text]\r\n<p style=\"font-size: 16px;\">Um deine ersten XINs zu erhalten, musst du diese bei einer Exchange gegen eine andere Kryptow\u00e4hrung wie Bitcoin tauschen. Alternativ kannst du dort auch gegen eine Kreditkartenzahlung oder Bank\u00fcberweisung schnell und sicher XIN erwerben.<\/p>\r\n[\/vc_column_text][vc_btn title=&#8220;Zu den Exchanges&#8220; style=&#8220;gradient-custom&#8220; gradient_custom_color_2=&#8220;#f3931b&#8220; shape=&#8220;round&#8220; link=&#8220;url:https%3A%2F%2Finfinityeconomics419665112.wpcomstaging.com%2Fexchanges%2F|title:Get%20started%20now!&#8220; el_class=&#8220;flat-black&#8220; css=&#8220;.vc_custom_1621266220120{margin-top: 50px !important;margin-bottom: 50px !important;}&#8220;][\/vc_column][vc_column width=&#8220;1\/4&#8243;][\/vc_column][\/vc_row]","protected":false},"excerpt":{"rendered":"<p>[vc_row css=&#8220;.vc_custom_1620928855320{background-image: url(<a href=\"https:\/\/infinity-economics.io\/wp-content\/uploads\/2021\/05\/IE_Preheader_v001.jpg?id=230\">https:\/\/infinity-economics.io\/wp-content\/uploads\/2021\/05\/IE_Preheader_v001.jpg?id=230<\/a>) !important;background-position: center !important;background-repeat: no-repeat !important;background-size: cover !important;}&#8220;][vc_column][vc_custom_heading text=&#8220;Unser XIN-Coin zeichnet sich durch eine Vielfalt an Vorteilen aus, &hellip; <\/p>\n","protected":false},"author":205932052,"featured_media":0,"parent":0,"menu_order":0,"comment_status":"closed","ping_status":"closed","template":"page-no-paddings.php","meta":{"_coblocks_attr":"","_coblocks_dimensions":"","_coblocks_responsive_height":"","_coblocks_accordion_ie_support":"","_crdt_document":"","footnotes":""},"class_list":["post-842","page","type-page","status-publish","hentry"],"yoast_head":"<!-- This site is optimized with the Yoast SEO plugin v27.5 - https:\/\/yoast.com\/product\/yoast-seo-wordpress\/ -->\n<title>Get started now! \u2022 Infinity Economics Platform &#8226; Infinity Economics Platform<\/title>\n<meta name=\"description\" content=\"Infinity Economics is a user and service-centric multipurpose blockchain and cryptocurrency based platform.\" \/>\n<meta name=\"robots\" content=\"index, follow, max-snippet:-1, max-image-preview:large, max-video-preview:-1\" \/>\n<link rel=\"canonical\" href=\"https:\/\/infinity-economics.io\/de\/loslegen\/\" \/>\n<meta property=\"og:locale\" content=\"de_DE\" \/>\n<meta property=\"og:type\" content=\"article\" \/>\n<meta property=\"og:title\" content=\"Get started now! \u2022 Infinity Economics Platform &#8226; Infinity Economics Platform\" \/>\n<meta property=\"og:description\" content=\"Infinity Economics is a user and service-centric multipurpose blockchain and cryptocurrency based platform.\" \/>\n<meta property=\"og:url\" content=\"https:\/\/infinity-economics.io\/de\/loslegen\/\" \/>\n<meta property=\"og:site_name\" content=\"Infinity Economics Platform\" \/>\n<meta property=\"article:modified_time\" content=\"2021-06-02T14:42:42+00:00\" \/>\n<meta name=\"twitter:card\" content=\"summary_large_image\" \/>\n<meta name=\"twitter:label1\" content=\"Gesch\u00e4tzte Lesezeit\" \/>\n\t<meta name=\"twitter:data1\" content=\"4\u00a0Minuten\" \/>\n<script type=\"application\/ld+json\" class=\"yoast-schema-graph\">{\"@context\":\"https:\\\/\\\/schema.org\",\"@graph\":[{\"@type\":\"WebPage\",\"@id\":\"https:\\\/\\\/infinity-economics.io\\\/de\\\/loslegen\\\/\",\"url\":\"https:\\\/\\\/infinity-economics.io\\\/de\\\/loslegen\\\/\",\"name\":\"Get started now! \u2022 Infinity Economics Platform &#8226; Infinity Economics Platform\",\"isPartOf\":{\"@id\":\"https:\\\/\\\/infinity-economics.io\\\/#website\"},\"datePublished\":\"2021-05-12T11:33:51+00:00\",\"dateModified\":\"2021-06-02T14:42:42+00:00\",\"description\":\"Infinity Economics is a user and service-centric multipurpose blockchain and cryptocurrency based platform.\",\"breadcrumb\":{\"@id\":\"https:\\\/\\\/infinity-economics.io\\\/de\\\/loslegen\\\/#breadcrumb\"},\"inLanguage\":\"de\",\"potentialAction\":[{\"@type\":\"ReadAction\",\"target\":[\"https:\\\/\\\/infinity-economics.io\\\/de\\\/loslegen\\\/\"]}]},{\"@type\":\"BreadcrumbList\",\"@id\":\"https:\\\/\\\/infinity-economics.io\\\/de\\\/loslegen\\\/#breadcrumb\",\"itemListElement\":[{\"@type\":\"ListItem\",\"position\":1,\"name\":\"Home\",\"item\":\"https:\\\/\\\/infinity-economics.io\\\/de\\\/\"},{\"@type\":\"ListItem\",\"position\":2,\"name\":\"Get started now! \u2022 Infinity Economics Platform\"}]},{\"@type\":\"WebSite\",\"@id\":\"https:\\\/\\\/infinity-economics.io\\\/#website\",\"url\":\"https:\\\/\\\/infinity-economics.io\\\/\",\"name\":\"Infinity Economics Platform\",\"description\":\"\",\"potentialAction\":[{\"@type\":\"SearchAction\",\"target\":{\"@type\":\"EntryPoint\",\"urlTemplate\":\"https:\\\/\\\/infinity-economics.io\\\/?s={search_term_string}\"},\"query-input\":{\"@type\":\"PropertyValueSpecification\",\"valueRequired\":true,\"valueName\":\"search_term_string\"}}],\"inLanguage\":\"de\"}]}<\/script>\n<!-- \/ Yoast SEO plugin. -->","yoast_head_json":{"title":"Get started now! \u2022 Infinity Economics Platform &#8226; Infinity Economics Platform","description":"Infinity Economics is a user and service-centric multipurpose blockchain and cryptocurrency based platform.","robots":{"index":"index","follow":"follow","max-snippet":"max-snippet:-1","max-image-preview":"max-image-preview:large","max-video-preview":"max-video-preview:-1"},"canonical":"https:\/\/infinity-economics.io\/de\/loslegen\/","og_locale":"de_DE","og_type":"article","og_title":"Get started now! \u2022 Infinity Economics Platform &#8226; Infinity Economics Platform","og_description":"Infinity Economics is a user and service-centric multipurpose blockchain and cryptocurrency based platform.","og_url":"https:\/\/infinity-economics.io\/de\/loslegen\/","og_site_name":"Infinity Economics Platform","article_modified_time":"2021-06-02T14:42:42+00:00","twitter_card":"summary_large_image","twitter_misc":{"Gesch\u00e4tzte Lesezeit":"4\u00a0Minuten"},"schema":{"@context":"https:\/\/schema.org","@graph":[{"@type":"WebPage","@id":"https:\/\/infinity-economics.io\/de\/loslegen\/","url":"https:\/\/infinity-economics.io\/de\/loslegen\/","name":"Get started now! \u2022 Infinity Economics Platform &#8226; Infinity Economics Platform","isPartOf":{"@id":"https:\/\/infinity-economics.io\/#website"},"datePublished":"2021-05-12T11:33:51+00:00","dateModified":"2021-06-02T14:42:42+00:00","description":"Infinity Economics is a user and service-centric multipurpose blockchain and cryptocurrency based platform.","breadcrumb":{"@id":"https:\/\/infinity-economics.io\/de\/loslegen\/#breadcrumb"},"inLanguage":"de","potentialAction":[{"@type":"ReadAction","target":["https:\/\/infinity-economics.io\/de\/loslegen\/"]}]},{"@type":"BreadcrumbList","@id":"https:\/\/infinity-economics.io\/de\/loslegen\/#breadcrumb","itemListElement":[{"@type":"ListItem","position":1,"name":"Home","item":"https:\/\/infinity-economics.io\/de\/"},{"@type":"ListItem","position":2,"name":"Get started now! \u2022 Infinity Economics Platform"}]},{"@type":"WebSite","@id":"https:\/\/infinity-economics.io\/#website","url":"https:\/\/infinity-economics.io\/","name":"Infinity Economics Platform","description":"","potentialAction":[{"@type":"SearchAction","target":{"@type":"EntryPoint","urlTemplate":"https:\/\/infinity-economics.io\/?s={search_term_string}"},"query-input":{"@type":"PropertyValueSpecification","valueRequired":true,"valueName":"search_term_string"}}],"inLanguage":"de"}]}},"jetpack_shortlink":"https:\/\/wp.me\/Pd2Q5N-dA","jetpack_sharing_enabled":true,"amp_enabled":false,"_links":{"self":[{"href":"https:\/\/infinity-economics.io\/de\/wp-json\/wp\/v2\/pages\/842","targetHints":{"allow":["GET"]}}],"collection":[{"href":"https:\/\/infinity-economics.io\/de\/wp-json\/wp\/v2\/pages"}],"about":[{"href":"https:\/\/infinity-economics.io\/de\/wp-json\/wp\/v2\/types\/page"}],"author":[{"embeddable":true,"href":"https:\/\/infinity-economics.io\/de\/wp-json\/wp\/v2\/users\/205932052"}],"replies":[{"embeddable":true,"href":"https:\/\/infinity-economics.io\/de\/wp-json\/wp\/v2\/comments?post=842"}],"version-history":[{"count":9,"href":"https:\/\/infinity-economics.io\/de\/wp-json\/wp\/v2\/pages\/842\/revisions"}],"predecessor-version":[{"id":1056,"href":"https:\/\/infinity-economics.io\/de\/wp-json\/wp\/v2\/pages\/842\/revisions\/1056"}],"wp:attachment":[{"href":"https:\/\/infinity-economics.io\/de\/wp-json\/wp\/v2\/media?parent=842"}],"curies":[{"name":"wp","href":"https:\/\/api.w.org\/{rel}","templated":true}]}}