{"id":874,"date":"2021-05-14T10:00:07","date_gmt":"2021-05-14T08:00:07","guid":{"rendered":"https:\/\/infinity-economics.io\/hilfe\/how-do-cryptocurrencies-work\/"},"modified":"2021-05-18T18:21:00","modified_gmt":"2021-05-18T16:21:00","slug":"how-do-cryptocurrencies-work","status":"publish","type":"page","link":"https:\/\/infinity-economics.io\/de\/hilfe\/how-do-cryptocurrencies-work\/","title":{"rendered":"Wie funktionieren Kryptow\u00e4hrungen? \u2022 Infinity Economics"},"content":{"rendered":"[vc_row css=&#8220;.vc_custom_1620979205036{background-image: url(<a href=\"https:\/\/infinity-economics.io\/wp-content\/uploads\/2021\/05\/IE_Preheader_v001.jpg?id=230\">https:\/\/infinity-economics.io\/wp-content\/uploads\/2021\/05\/IE_Preheader_v001.jpg?id=230<\/a>) !important;background-position: center !important;background-repeat: no-repeat !important;background-size: cover !important;}&#8220;][vc_column][vc_custom_heading text=&#8220;Kryptow\u00e4hrungen werden die Finanzwelt revolutionieren&#8220; font_container=&#8220;tag:h1|font_size:36px|text_align:center|color:%23ffffff&#8220; google_fonts=&#8220;font_family:Montserrat%3Aregular%2C700|font_style:400%20regular%3A400%3Anormal&#8220; css=&#8220;.vc_custom_1621328656465{margin-top: 100px !important;margin-bottom: 100px !important;}&#8220;][\/vc_column][\/vc_row][vc_row el_class=&#8220;row-grey&#8220; css=&#8220;.vc_custom_1620979898616{padding-top: 5% !important;padding-bottom: 5% !important;}&#8220;][vc_column width=&#8220;1\/2&#8243;][vc_custom_heading text=&#8220;Transaktion&#8220; font_container=&#8220;tag:h2|font_size:24px|text_align:left&#8220; google_fonts=&#8220;font_family:Montserrat%3Aregular%2C700|font_style:700%20bold%20regular%3A700%3Anormal&#8220;][vc_column_text el_class=&#8220;custom-text&#8220;]Eine Transaktion von Coins findet zwischen zwei Wallets statt. Sie funktioniert wie eine \u00dcbeweisung, jedoch mithilfe von verschl\u00fcsselten Nachrichten. Die Best\u00e4tigung einer Transaktion dauert je nach Kryptow\u00e4hrung unterschiedlich lange. Die Infinity Economics Plattform legt gro\u00dfen Wert auf die Transaktionsgeschwindigkeit, um eine Anwendung der digitalen W\u00e4hrung XIN in der Praxis zu erm\u00f6glichen.[\/vc_column_text][\/vc_column][vc_column width=&#8220;1\/2&#8243;][vc_icon icon_fontawesome=&#8220;fas fa-exchange-alt&#8220; color=&#8220;custom&#8220; size=&#8220;xl&#8220; align=&#8220;center&#8220; custom_color=&#8220;#e72d45&#8243; el_class=&#8220;big-icon&#8220; css=&#8220;.vc_custom_1620979700117{margin-top: 5% !important;}&#8220;][\/vc_column][\/vc_row][vc_row el_class=&#8220;row-white&#8220; css=&#8220;.vc_custom_1620979912459{padding-top: 5% !important;padding-bottom: 5% !important;}&#8220;][vc_column width=&#8220;1\/2&#8243;][vc_custom_heading text=&#8220;\u00d6ffentliches Kontobuch&#8220; font_container=&#8220;tag:h2|font_size:24px|text_align:left&#8220; google_fonts=&#8220;font_family:Montserrat%3Aregular%2C700|font_style:700%20bold%20regular%3A700%3Anormal&#8220;][vc_column_text el_class=&#8220;custom-text&#8220;]Ab dem Start einer Kryptow\u00e4hrung, wie dem XIN, wird jede Transaktion in einem \u00f6ffentlichen Kontobuch gespeichert. Die Identi\u00e4ten der Coin-Besitzer bleiben dabei verschl\u00fcsselt. Das System nutzt kryptografische Algorithmen um die Identit\u00e4t sicherzustellen.[\/vc_column_text][\/vc_column][vc_column width=&#8220;1\/2&#8243;][vc_icon icon_fontawesome=&#8220;fas fa-database&#8220; color=&#8220;custom&#8220; size=&#8220;xl&#8220; align=&#8220;center&#8220; custom_color=&#8220;#e72d45&#8243; el_class=&#8220;big-icon&#8220; css=&#8220;.vc_custom_1620979803968{margin-top: 5% !important;}&#8220;][\/vc_column][\/vc_row][vc_row el_class=&#8220;row-grey&#8220; css=&#8220;.vc_custom_1620980028823{padding-top: 5% !important;padding-bottom: 5% !important;}&#8220;][vc_column width=&#8220;1\/2&#8243;][vc_custom_heading text=&#8220;Wallet&#8220; font_container=&#8220;tag:h2|font_size:24px|text_align:left&#8220; google_fonts=&#8220;font_family:Montserrat%3Aregular%2C700|font_style:700%20bold%20regular%3A700%3Anormal&#8220;][vc_column_text el_class=&#8220;custom-text&#8220;]Ein Wallet kann als digitale Geldb\u00f6rse verstanden werden, auf dem eine bestimmte Summe an Coins (die Summen der Transaktionen) verf\u00fcgbar ist.[\/vc_column_text][\/vc_column][vc_column width=&#8220;1\/2&#8243;][vc_icon icon_fontawesome=&#8220;far fa-money-bill-alt&#8220; color=&#8220;custom&#8220; size=&#8220;xl&#8220; align=&#8220;center&#8220; custom_color=&#8220;#e72d45&#8243; el_class=&#8220;big-icon&#8220; css=&#8220;.vc_custom_1620980017387{margin-top: 5% !important;}&#8220;][\/vc_column][\/vc_row][vc_row el_class=&#8220;row-white&#8220; css=&#8220;.vc_custom_1620979912459{padding-top: 5% !important;padding-bottom: 5% !important;}&#8220;][vc_column width=&#8220;1\/2&#8243;][vc_custom_heading text=&#8220;Mining&#8220; font_container=&#8220;tag:h2|font_size:24px|text_align:left&#8220; google_fonts=&#8220;font_family:Montserrat%3Aregular%2C700|font_style:700%20bold%20regular%3A700%3Anormal&#8220;][vc_column_text el_class=&#8220;custom-text&#8220;]Manche Kryptow\u00e4hrungen erfordern das Mining von neuen Coins (bzw. von so gennanten \u201eBl\u00f6cken\u201c). Dabei muss ein \u201eMiner\u201c ein immer schwieriger werdendes mathematisches Problem l\u00f6sen. Dieses Minen ist in der Regel \u00f6ffentlich zug\u00e4nglich und vergibt eine kleine Provision an den Miner. Infinity Economics verzichtet auf das Mining und hat stattdessen im Rahmen eine \u201eGenesis-Prozesses\u201c alle gesamt verf\u00fcgbaren Coins generiert.[\/vc_column_text][\/vc_column][vc_column width=&#8220;1\/2&#8243;][vc_icon icon_fontawesome=&#8220;fas fa-microchip&#8220; color=&#8220;custom&#8220; size=&#8220;xl&#8220; align=&#8220;center&#8220; custom_color=&#8220;#e72d45&#8243; el_class=&#8220;big-icon&#8220; css=&#8220;.vc_custom_1620980119090{margin-top: 5% !important;}&#8220;][\/vc_column][\/vc_row][vc_row el_class=&#8220;row-grey&#8220; css=&#8220;.vc_custom_1620980243010{padding-top: 5% !important;padding-bottom: 5% !important;}&#8220;][vc_column width=&#8220;1\/2&#8243;][vc_custom_heading text=&#8220;Skalierbarkeit&#8220; font_container=&#8220;tag:h2|font_size:24px|text_align:left&#8220; google_fonts=&#8220;font_family:Montserrat%3Aregular%2C700|font_style:700%20bold%20regular%3A700%3Anormal&#8220;][vc_column_text el_class=&#8220;custom-text&#8220;]Viele Kryptow\u00e4hrungen sind darauf ausgelegt, sowohl im kleinen als auch im gro\u00dfen Rahmen zu funktionieren. XIN ist von Anfang mit dem Hintergedanken entwickelt worden, weltweit einsetzbar zu sein.[\/vc_column_text][\/vc_column][vc_column width=&#8220;1\/2&#8243;][vc_icon icon_fontawesome=&#8220;fas fa-server&#8220; color=&#8220;custom&#8220; size=&#8220;xl&#8220; align=&#8220;center&#8220; custom_color=&#8220;#e72d45&#8243; el_class=&#8220;big-icon&#8220; css=&#8220;.vc_custom_1620980227208{margin-top: 5% !important;}&#8220;][\/vc_column][\/vc_row][vc_row el_class=&#8220;row-white&#8220; css=&#8220;.vc_custom_1620980312479{padding-top: 5% !important;padding-bottom: 5% !important;}&#8220;][vc_column width=&#8220;1\/2&#8243;][vc_custom_heading text=&#8220;Pseudonym&#8220; font_container=&#8220;tag:h2|font_size:24px|text_align:left&#8220; google_fonts=&#8220;font_family:Montserrat%3Aregular%2C700|font_style:700%20bold%20regular%3A700%3Anormal&#8220;][vc_column_text el_class=&#8220;custom-text&#8220;]Weder Transaktionen noch Wallets k\u00f6nnen einer Identit\u00e4t in der realen Welt zugeordnet werden. S\u00e4mtliche Adressen sind zuf\u00e4llige Zeichenfolgen (Pseudonyme), die zwar aufgrund der Transaktionen eine gewisse Transparenz sicherstellen, aber gleichzeitig die Identit\u00e4t der Personen und Organisationen sch\u00fctzen.[\/vc_column_text][\/vc_column][vc_column width=&#8220;1\/2&#8243;][vc_icon icon_fontawesome=&#8220;fas fa-male&#8220; color=&#8220;custom&#8220; size=&#8220;xl&#8220; align=&#8220;center&#8220; custom_color=&#8220;#e72d45&#8243; el_class=&#8220;big-icon&#8220; css=&#8220;.vc_custom_1620980300451{margin-top: 5% !important;}&#8220;][\/vc_column][\/vc_row][vc_row el_class=&#8220;row-grey&#8220; css=&#8220;.vc_custom_1620980399471{padding-top: 5% !important;padding-bottom: 5% !important;}&#8220;][vc_column width=&#8220;1\/2&#8243;][vc_custom_heading text=&#8220;Kryptographie&#8220; font_container=&#8220;tag:h2|font_size:24px|text_align:left&#8220; google_fonts=&#8220;font_family:Montserrat%3Aregular%2C700|font_style:700%20bold%20regular%3A700%3Anormal&#8220;][vc_column_text el_class=&#8220;custom-text&#8220;]Kryptow\u00e4hrungen nutzen wie der Name schon verr\u00e4t, kryptographische Methoden, um das Erstellen von Coins und s\u00e4mtliche Transaktionen zu sichern.[\/vc_column_text][\/vc_column][vc_column width=&#8220;1\/2&#8243;][vc_icon icon_fontawesome=&#8220;fas fa-shield-alt&#8220; color=&#8220;custom&#8220; size=&#8220;xl&#8220; align=&#8220;center&#8220; custom_color=&#8220;#e72d45&#8243; el_class=&#8220;big-icon&#8220; css=&#8220;.vc_custom_1620980382113{margin-top: 5% !important;}&#8220;][\/vc_column][\/vc_row]","protected":false},"excerpt":{"rendered":"<p>[vc_row css=&#8220;.vc_custom_1620979205036{background-image: url(<a href=\"https:\/\/infinity-economics.io\/wp-content\/uploads\/2021\/05\/IE_Preheader_v001.jpg?id=230\">https:\/\/infinity-economics.io\/wp-content\/uploads\/2021\/05\/IE_Preheader_v001.jpg?id=230<\/a>) !important;background-position: center !important;background-repeat: no-repeat !important;background-size: cover !important;}&#8220;][vc_column][vc_custom_heading text=&#8220;Kryptow\u00e4hrungen werden die Finanzwelt revolutionieren&#8220; font_container=&#8220;tag:h1|font_size:36px|text_align:center|color:%23ffffff&#8220; google_fonts=&#8220;font_family:Montserrat%3Aregular%2C700|font_style:400%20regular%3A400%3Anormal&#8220; css=&#8220;.vc_custom_1621328656465{margin-top: 100px !important;margin-bottom: &hellip; <\/p>\n","protected":false},"author":205932052,"featured_media":0,"parent":845,"menu_order":0,"comment_status":"closed","ping_status":"closed","template":"page-no-paddings.php","meta":{"_coblocks_attr":"","_coblocks_dimensions":"","_coblocks_responsive_height":"","_coblocks_accordion_ie_support":"","_crdt_document":"","jetpack_post_was_ever_published":false,"footnotes":""},"class_list":["post-874","page","type-page","status-publish","hentry"],"yoast_head":"<!-- This site is optimized with the Yoast SEO plugin v27.2 - https:\/\/yoast.com\/product\/yoast-seo-wordpress\/ -->\n<title>Wie funktionieren Kryptow\u00e4hrungen? \u2022 Infinity Economics &#8226; Infinity Economics Platform<\/title>\n<meta name=\"description\" content=\"Infinity Economics is a user and service-centric multipurpose blockchain and cryptocurrency based platform.\" \/>\n<meta name=\"robots\" content=\"index, follow, max-snippet:-1, max-image-preview:large, max-video-preview:-1\" \/>\n<link rel=\"canonical\" href=\"https:\/\/infinity-economics.io\/de\/hilfe\/how-do-cryptocurrencies-work\/\" \/>\n<meta property=\"og:locale\" content=\"de_DE\" \/>\n<meta property=\"og:type\" content=\"article\" \/>\n<meta property=\"og:title\" content=\"Wie funktionieren Kryptow\u00e4hrungen? \u2022 Infinity Economics &#8226; Infinity Economics Platform\" \/>\n<meta property=\"og:description\" content=\"Infinity Economics is a user and service-centric multipurpose blockchain and cryptocurrency based platform.\" \/>\n<meta property=\"og:url\" content=\"https:\/\/infinity-economics.io\/de\/hilfe\/how-do-cryptocurrencies-work\/\" \/>\n<meta property=\"og:site_name\" content=\"Infinity Economics Platform\" \/>\n<meta property=\"article:modified_time\" content=\"2021-05-18T16:21:00+00:00\" \/>\n<meta name=\"twitter:card\" content=\"summary_large_image\" \/>\n<meta name=\"twitter:label1\" content=\"Gesch\u00e4tzte Lesezeit\" \/>\n\t<meta name=\"twitter:data1\" content=\"5\u00a0Minuten\" \/>\n<script type=\"application\/ld+json\" class=\"yoast-schema-graph\">{\"@context\":\"https:\/\/schema.org\",\"@graph\":[{\"@type\":\"WebPage\",\"@id\":\"https:\/\/infinity-economics.io\/de\/hilfe\/how-do-cryptocurrencies-work\/\",\"url\":\"https:\/\/infinity-economics.io\/de\/hilfe\/how-do-cryptocurrencies-work\/\",\"name\":\"Wie funktionieren Kryptow\u00e4hrungen? \u2022 Infinity Economics &#8226; Infinity Economics Platform\",\"isPartOf\":{\"@id\":\"https:\/\/infinity-economics.io\/#website\"},\"datePublished\":\"2021-05-14T08:00:07+00:00\",\"dateModified\":\"2021-05-18T16:21:00+00:00\",\"description\":\"Infinity Economics is a user and service-centric multipurpose blockchain and cryptocurrency based platform.\",\"breadcrumb\":{\"@id\":\"https:\/\/infinity-economics.io\/de\/hilfe\/how-do-cryptocurrencies-work\/#breadcrumb\"},\"inLanguage\":\"de\",\"potentialAction\":[{\"@type\":\"ReadAction\",\"target\":[\"https:\/\/infinity-economics.io\/de\/hilfe\/how-do-cryptocurrencies-work\/\"]}]},{\"@type\":\"BreadcrumbList\",\"@id\":\"https:\/\/infinity-economics.io\/de\/hilfe\/how-do-cryptocurrencies-work\/#breadcrumb\",\"itemListElement\":[{\"@type\":\"ListItem\",\"position\":1,\"name\":\"Home\",\"item\":\"https:\/\/infinity-economics.io\/de\/\"},{\"@type\":\"ListItem\",\"position\":2,\"name\":\"Help \u2022 Infinity Economics Platform\",\"item\":\"https:\/\/infinity-economics.io\/de\/hilfe\/\"},{\"@type\":\"ListItem\",\"position\":3,\"name\":\"Wie funktionieren Kryptow\u00e4hrungen? \u2022 Infinity Economics\"}]},{\"@type\":\"WebSite\",\"@id\":\"https:\/\/infinity-economics.io\/#website\",\"url\":\"https:\/\/infinity-economics.io\/\",\"name\":\"Infinity Economics Platform\",\"description\":\"\",\"potentialAction\":[{\"@type\":\"SearchAction\",\"target\":{\"@type\":\"EntryPoint\",\"urlTemplate\":\"https:\/\/infinity-economics.io\/?s={search_term_string}\"},\"query-input\":{\"@type\":\"PropertyValueSpecification\",\"valueRequired\":true,\"valueName\":\"search_term_string\"}}],\"inLanguage\":\"de\"}]}<\/script>\n<!-- \/ Yoast SEO plugin. -->","yoast_head_json":{"title":"Wie funktionieren Kryptow\u00e4hrungen? \u2022 Infinity Economics &#8226; Infinity Economics Platform","description":"Infinity Economics is a user and service-centric multipurpose blockchain and cryptocurrency based platform.","robots":{"index":"index","follow":"follow","max-snippet":"max-snippet:-1","max-image-preview":"max-image-preview:large","max-video-preview":"max-video-preview:-1"},"canonical":"https:\/\/infinity-economics.io\/de\/hilfe\/how-do-cryptocurrencies-work\/","og_locale":"de_DE","og_type":"article","og_title":"Wie funktionieren Kryptow\u00e4hrungen? \u2022 Infinity Economics &#8226; Infinity Economics Platform","og_description":"Infinity Economics is a user and service-centric multipurpose blockchain and cryptocurrency based platform.","og_url":"https:\/\/infinity-economics.io\/de\/hilfe\/how-do-cryptocurrencies-work\/","og_site_name":"Infinity Economics Platform","article_modified_time":"2021-05-18T16:21:00+00:00","twitter_card":"summary_large_image","twitter_misc":{"Gesch\u00e4tzte Lesezeit":"5\u00a0Minuten"},"schema":{"@context":"https:\/\/schema.org","@graph":[{"@type":"WebPage","@id":"https:\/\/infinity-economics.io\/de\/hilfe\/how-do-cryptocurrencies-work\/","url":"https:\/\/infinity-economics.io\/de\/hilfe\/how-do-cryptocurrencies-work\/","name":"Wie funktionieren Kryptow\u00e4hrungen? \u2022 Infinity Economics &#8226; Infinity Economics Platform","isPartOf":{"@id":"https:\/\/infinity-economics.io\/#website"},"datePublished":"2021-05-14T08:00:07+00:00","dateModified":"2021-05-18T16:21:00+00:00","description":"Infinity Economics is a user and service-centric multipurpose blockchain and cryptocurrency based platform.","breadcrumb":{"@id":"https:\/\/infinity-economics.io\/de\/hilfe\/how-do-cryptocurrencies-work\/#breadcrumb"},"inLanguage":"de","potentialAction":[{"@type":"ReadAction","target":["https:\/\/infinity-economics.io\/de\/hilfe\/how-do-cryptocurrencies-work\/"]}]},{"@type":"BreadcrumbList","@id":"https:\/\/infinity-economics.io\/de\/hilfe\/how-do-cryptocurrencies-work\/#breadcrumb","itemListElement":[{"@type":"ListItem","position":1,"name":"Home","item":"https:\/\/infinity-economics.io\/de\/"},{"@type":"ListItem","position":2,"name":"Help \u2022 Infinity Economics Platform","item":"https:\/\/infinity-economics.io\/de\/hilfe\/"},{"@type":"ListItem","position":3,"name":"Wie funktionieren Kryptow\u00e4hrungen? \u2022 Infinity Economics"}]},{"@type":"WebSite","@id":"https:\/\/infinity-economics.io\/#website","url":"https:\/\/infinity-economics.io\/","name":"Infinity Economics Platform","description":"","potentialAction":[{"@type":"SearchAction","target":{"@type":"EntryPoint","urlTemplate":"https:\/\/infinity-economics.io\/?s={search_term_string}"},"query-input":{"@type":"PropertyValueSpecification","valueRequired":true,"valueName":"search_term_string"}}],"inLanguage":"de"}]}},"jetpack_shortlink":"https:\/\/wp.me\/Pd2Q5N-e6","jetpack_sharing_enabled":true,"amp_enabled":false,"_links":{"self":[{"href":"https:\/\/infinity-economics.io\/de\/wp-json\/wp\/v2\/pages\/874","targetHints":{"allow":["GET"]}}],"collection":[{"href":"https:\/\/infinity-economics.io\/de\/wp-json\/wp\/v2\/pages"}],"about":[{"href":"https:\/\/infinity-economics.io\/de\/wp-json\/wp\/v2\/types\/page"}],"author":[{"embeddable":true,"href":"https:\/\/infinity-economics.io\/de\/wp-json\/wp\/v2\/users\/205932052"}],"replies":[{"embeddable":true,"href":"https:\/\/infinity-economics.io\/de\/wp-json\/wp\/v2\/comments?post=874"}],"version-history":[{"count":3,"href":"https:\/\/infinity-economics.io\/de\/wp-json\/wp\/v2\/pages\/874\/revisions"}],"predecessor-version":[{"id":994,"href":"https:\/\/infinity-economics.io\/de\/wp-json\/wp\/v2\/pages\/874\/revisions\/994"}],"up":[{"embeddable":true,"href":"https:\/\/infinity-economics.io\/de\/wp-json\/wp\/v2\/pages\/845"}],"wp:attachment":[{"href":"https:\/\/infinity-economics.io\/de\/wp-json\/wp\/v2\/media?parent=874"}],"curies":[{"name":"wp","href":"https:\/\/api.w.org\/{rel}","templated":true}]}}