{"id":888,"date":"2021-05-13T15:32:53","date_gmt":"2021-05-13T13:32:53","guid":{"rendered":"https:\/\/infinity-economics.io\/transparency\/"},"modified":"2021-05-18T11:35:44","modified_gmt":"2021-05-18T09:35:44","slug":"transparenz","status":"publish","type":"page","link":"https:\/\/infinity-economics.io\/de\/transparenz\/","title":{"rendered":"Transparency \u2022 Infinity Economics Platform"},"content":{"rendered":"[vc_row css=&#8220;.vc_custom_1620913284402{background-image: url(<a href=\"https:\/\/infinity-economics.io\/wp-content\/uploads\/2021\/05\/IE_Preheader_v001.jpg?id=230\">https:\/\/infinity-economics.io\/wp-content\/uploads\/2021\/05\/IE_Preheader_v001.jpg?id=230<\/a>) !important;background-position: center !important;background-repeat: no-repeat !important;background-size: cover !important;}&#8220;][vc_column width=&#8220;1\/4&#8243;][\/vc_column][vc_column width=&#8220;1\/2&#8243;][vc_custom_heading text=&#8220;Maximale Transparenz f\u00fcr alle Nutzer&#8220; font_container=&#8220;tag:h1|font_size:36px|text_align:center|color:%23ffffff&#8220; google_fonts=&#8220;font_family:Montserrat%3Aregular%2C700|font_style:400%20regular%3A400%3Anormal&#8220; css=&#8220;.vc_custom_1621330465227{margin-top: 100px !important;margin-bottom: 100px !important;}&#8220;][\/vc_column][vc_column width=&#8220;1\/4&#8243;][\/vc_column][\/vc_row][vc_row][vc_column width=&#8220;1\/4&#8243;][\/vc_column][vc_column width=&#8220;1\/2&#8243;][vc_empty_space][vc_custom_heading text=&#8220;Wir sind eine Decentralized Autonomous Organization&#8220; font_container=&#8220;tag:h2|font_size:24px|text_align:center&#8220; google_fonts=&#8220;font_family:Montserrat%3Aregular%2C700|font_style:700%20bold%20regular%3A700%3Anormal&#8220;][vc_column_text]Seit Anfang an ist Infinity Economics Plattform zu 100% ein Community-Projekt. Das bedeutet, dass die Entscheidungskraft bei allen Community-Mitgliedern entsprechender ihrer Voting-Power liegt.\r\n\r\nDieser Ansatz kann im Kern als DAO (Decentralized Autonomous Organization) gesehen werden. S\u00e4mtliche Prozesse von der Plattform Entwicklung bis hin zu Marketing und Dokumentation sind dezentral organisiert. Die \u201eMacht\u201c geh\u00f6rt dabei den Nutzern \u2013 der einzige best\u00e4ndige und faire Ansatz einer Blockchain. Denn nur so k\u00f6nnen Fehlerquellen ausgeschaltet werden.\r\n\r\nDie Infinity Economics Plattform wurde so gestaltet, dass die Nutzer unabh\u00e4ngig von gro\u00dfen Investoren, Entwicklern oder den Gr\u00fcndern entscheiden k\u00f6nnen.\u00a0So werden beispielsweise alle neuen Features vorab \u00fcber das eingebaute E-Voting abgestimmt.[\/vc_column_text][\/vc_column][vc_column width=&#8220;1\/4&#8243;][\/vc_column][\/vc_row][vc_row][vc_column width=&#8220;1\/6&#8243;][\/vc_column][vc_column width=&#8220;2\/3&#8243;][vc_empty_space][vc_separator][\/vc_column][vc_column width=&#8220;1\/6&#8243;][\/vc_column][\/vc_row][vc_row source=&#8220;&#8220; text=&#8220;It&#8217;s that easy:&#8220; font_container=&#8220;tag:h2|font_size:24px|text_align:left&#8220; use_theme_fonts=&#8220;&#8220; google_fonts=&#8220;font_family:Montserrat%3Aregular%2C700|font_style:700%20bold%20regular%3A700%3Anormal&#8220; link=&#8220;&#8220;][vc_column][vc_empty_space][vc_custom_heading text=&#8220;CoinMarketCap Statistiken&#8220; font_container=&#8220;tag:h2|font_size:24px|text_align:center&#8220; google_fonts=&#8220;font_family:Montserrat%3Aregular%2C700|font_style:700%20bold%20regular%3A700%3Anormal&#8220;][\/vc_column][\/vc_row][vc_row][vc_column][vc_empty_space][\/vc_column][\/vc_row]","protected":false},"excerpt":{"rendered":"<p>[vc_row css=&#8220;.vc_custom_1620913284402{background-image: url(<a href=\"https:\/\/infinity-economics.io\/wp-content\/uploads\/2021\/05\/IE_Preheader_v001.jpg?id=230\">https:\/\/infinity-economics.io\/wp-content\/uploads\/2021\/05\/IE_Preheader_v001.jpg?id=230<\/a>) !important;background-position: center !important;background-repeat: no-repeat !important;background-size: cover !important;}&#8220;][vc_column width=&#8220;1\/4&#8243;][\/vc_column][vc_column width=&#8220;1\/2&#8243;][vc_custom_heading text=&#8220;Maximale Transparenz f\u00fcr alle Nutzer&#8220; font_container=&#8220;tag:h1|font_size:36px|text_align:center|color:%23ffffff&#8220; google_fonts=&#8220;font_family:Montserrat%3Aregular%2C700|font_style:400%20regular%3A400%3Anormal&#8220; css=&#8220;.vc_custom_1621330465227{margin-top: &hellip; <\/p>\n","protected":false},"author":205932052,"featured_media":0,"parent":0,"menu_order":0,"comment_status":"closed","ping_status":"closed","template":"page-no-paddings.php","meta":{"_coblocks_attr":"","_coblocks_dimensions":"","_coblocks_responsive_height":"","_coblocks_accordion_ie_support":"","_crdt_document":"","jetpack_post_was_ever_published":false,"footnotes":""},"class_list":["post-888","page","type-page","status-publish","hentry"],"yoast_head":"<!-- This site is optimized with the Yoast SEO plugin v27.1.1 - https:\/\/yoast.com\/product\/yoast-seo-wordpress\/ -->\n<title>Transparency \u2022 Infinity Economics Platform &#8226; Infinity Economics Platform<\/title>\n<meta name=\"description\" content=\"Infinity Economics is a user and service-centric multipurpose blockchain and cryptocurrency based platform.\" \/>\n<meta name=\"robots\" content=\"index, follow, max-snippet:-1, max-image-preview:large, max-video-preview:-1\" \/>\n<link rel=\"canonical\" href=\"https:\/\/infinity-economics.io\/de\/transparenz\/\" \/>\n<meta property=\"og:locale\" content=\"de_DE\" \/>\n<meta property=\"og:type\" content=\"article\" \/>\n<meta property=\"og:title\" content=\"Transparency \u2022 Infinity Economics Platform &#8226; Infinity Economics Platform\" \/>\n<meta property=\"og:description\" content=\"Infinity Economics is a user and service-centric multipurpose blockchain and cryptocurrency based platform.\" \/>\n<meta property=\"og:url\" content=\"https:\/\/infinity-economics.io\/de\/transparenz\/\" \/>\n<meta property=\"og:site_name\" content=\"Infinity Economics Platform\" \/>\n<meta property=\"article:modified_time\" content=\"2021-05-18T09:35:44+00:00\" \/>\n<meta name=\"twitter:card\" content=\"summary_large_image\" \/>\n<meta name=\"twitter:label1\" content=\"Gesch\u00e4tzte Lesezeit\" \/>\n\t<meta name=\"twitter:data1\" content=\"2\u00a0Minuten\" \/>\n<script type=\"application\/ld+json\" class=\"yoast-schema-graph\">{\"@context\":\"https:\/\/schema.org\",\"@graph\":[{\"@type\":\"WebPage\",\"@id\":\"https:\/\/infinity-economics.io\/de\/transparenz\/\",\"url\":\"https:\/\/infinity-economics.io\/de\/transparenz\/\",\"name\":\"Transparency \u2022 Infinity Economics Platform &#8226; Infinity Economics Platform\",\"isPartOf\":{\"@id\":\"https:\/\/infinity-economics.io\/#website\"},\"datePublished\":\"2021-05-13T13:32:53+00:00\",\"dateModified\":\"2021-05-18T09:35:44+00:00\",\"description\":\"Infinity Economics is a user and service-centric multipurpose blockchain and cryptocurrency based platform.\",\"breadcrumb\":{\"@id\":\"https:\/\/infinity-economics.io\/de\/transparenz\/#breadcrumb\"},\"inLanguage\":\"de\",\"potentialAction\":[{\"@type\":\"ReadAction\",\"target\":[\"https:\/\/infinity-economics.io\/de\/transparenz\/\"]}]},{\"@type\":\"BreadcrumbList\",\"@id\":\"https:\/\/infinity-economics.io\/de\/transparenz\/#breadcrumb\",\"itemListElement\":[{\"@type\":\"ListItem\",\"position\":1,\"name\":\"Home\",\"item\":\"https:\/\/infinity-economics.io\/de\/\"},{\"@type\":\"ListItem\",\"position\":2,\"name\":\"Transparency \u2022 Infinity Economics Platform\"}]},{\"@type\":\"WebSite\",\"@id\":\"https:\/\/infinity-economics.io\/#website\",\"url\":\"https:\/\/infinity-economics.io\/\",\"name\":\"Infinity Economics Platform\",\"description\":\"\",\"potentialAction\":[{\"@type\":\"SearchAction\",\"target\":{\"@type\":\"EntryPoint\",\"urlTemplate\":\"https:\/\/infinity-economics.io\/?s={search_term_string}\"},\"query-input\":{\"@type\":\"PropertyValueSpecification\",\"valueRequired\":true,\"valueName\":\"search_term_string\"}}],\"inLanguage\":\"de\"}]}<\/script>\n<!-- \/ Yoast SEO plugin. -->","yoast_head_json":{"title":"Transparency \u2022 Infinity Economics Platform &#8226; Infinity Economics Platform","description":"Infinity Economics is a user and service-centric multipurpose blockchain and cryptocurrency based platform.","robots":{"index":"index","follow":"follow","max-snippet":"max-snippet:-1","max-image-preview":"max-image-preview:large","max-video-preview":"max-video-preview:-1"},"canonical":"https:\/\/infinity-economics.io\/de\/transparenz\/","og_locale":"de_DE","og_type":"article","og_title":"Transparency \u2022 Infinity Economics Platform &#8226; Infinity Economics Platform","og_description":"Infinity Economics is a user and service-centric multipurpose blockchain and cryptocurrency based platform.","og_url":"https:\/\/infinity-economics.io\/de\/transparenz\/","og_site_name":"Infinity Economics Platform","article_modified_time":"2021-05-18T09:35:44+00:00","twitter_card":"summary_large_image","twitter_misc":{"Gesch\u00e4tzte Lesezeit":"2\u00a0Minuten"},"schema":{"@context":"https:\/\/schema.org","@graph":[{"@type":"WebPage","@id":"https:\/\/infinity-economics.io\/de\/transparenz\/","url":"https:\/\/infinity-economics.io\/de\/transparenz\/","name":"Transparency \u2022 Infinity Economics Platform &#8226; Infinity Economics Platform","isPartOf":{"@id":"https:\/\/infinity-economics.io\/#website"},"datePublished":"2021-05-13T13:32:53+00:00","dateModified":"2021-05-18T09:35:44+00:00","description":"Infinity Economics is a user and service-centric multipurpose blockchain and cryptocurrency based platform.","breadcrumb":{"@id":"https:\/\/infinity-economics.io\/de\/transparenz\/#breadcrumb"},"inLanguage":"de","potentialAction":[{"@type":"ReadAction","target":["https:\/\/infinity-economics.io\/de\/transparenz\/"]}]},{"@type":"BreadcrumbList","@id":"https:\/\/infinity-economics.io\/de\/transparenz\/#breadcrumb","itemListElement":[{"@type":"ListItem","position":1,"name":"Home","item":"https:\/\/infinity-economics.io\/de\/"},{"@type":"ListItem","position":2,"name":"Transparency \u2022 Infinity Economics Platform"}]},{"@type":"WebSite","@id":"https:\/\/infinity-economics.io\/#website","url":"https:\/\/infinity-economics.io\/","name":"Infinity Economics Platform","description":"","potentialAction":[{"@type":"SearchAction","target":{"@type":"EntryPoint","urlTemplate":"https:\/\/infinity-economics.io\/?s={search_term_string}"},"query-input":{"@type":"PropertyValueSpecification","valueRequired":true,"valueName":"search_term_string"}}],"inLanguage":"de"}]}},"jetpack_shortlink":"https:\/\/wp.me\/Pd2Q5N-ek","jetpack_sharing_enabled":false,"amp_enabled":false,"_links":{"self":[{"href":"https:\/\/infinity-economics.io\/de\/wp-json\/wp\/v2\/pages\/888","targetHints":{"allow":["GET"]}}],"collection":[{"href":"https:\/\/infinity-economics.io\/de\/wp-json\/wp\/v2\/pages"}],"about":[{"href":"https:\/\/infinity-economics.io\/de\/wp-json\/wp\/v2\/types\/page"}],"author":[{"embeddable":true,"href":"https:\/\/infinity-economics.io\/de\/wp-json\/wp\/v2\/users\/205932052"}],"replies":[{"embeddable":true,"href":"https:\/\/infinity-economics.io\/de\/wp-json\/wp\/v2\/comments?post=888"}],"version-history":[{"count":2,"href":"https:\/\/infinity-economics.io\/de\/wp-json\/wp\/v2\/pages\/888\/revisions"}],"predecessor-version":[{"id":890,"href":"https:\/\/infinity-economics.io\/de\/wp-json\/wp\/v2\/pages\/888\/revisions\/890"}],"wp:attachment":[{"href":"https:\/\/infinity-economics.io\/de\/wp-json\/wp\/v2\/media?parent=888"}],"curies":[{"name":"wp","href":"https:\/\/api.w.org\/{rel}","templated":true}]}}