{"id":891,"date":"2021-05-06T09:44:58","date_gmt":"2021-05-06T07:44:58","guid":{"rendered":"https:\/\/infinity-economics.io\/home\/"},"modified":"2021-06-14T12:45:13","modified_gmt":"2021-06-14T10:45:13","slug":"home","status":"publish","type":"page","link":"https:\/\/infinity-economics.io\/de\/","title":{"rendered":"Home \u2022 Infinity Economics Platform"},"content":{"rendered":"<p>[vc_row][vc_column css=&#8220;.vc_custom_1621353096456{margin-top: -40px !important;}&#8220;][vc_column_text]<\/p>\r\n<h1 style=\"opacity: 0; position: absolute;\">Infinity Economics Home<\/h1>\r\n<p>\n\t\t\t<!-- START Slider 1 REVOLUTION SLIDER 6.4.11 --><p class=\"rs-p-wp-fix\"><\/p>\n\t\t\t<rs-module-wrap id=\"rev_slider_3_1_wrapper\" data-source=\"gallery\" style=\"background:transparent;padding:0;margin:0px auto;margin-top:0;margin-bottom:0;\">\n\t\t\t\t<rs-module id=\"rev_slider_3_1\" style=\"\" data-version=\"6.4.11\">\n\t\t\t\t\t<rs-slides>\n\t\t\t\t\t\t<rs-slide data-key=\"rs-4\" data-title=\"Slide\" data-in=\"o:0;\" data-out=\"a:false;\">\n\t\t\t\t\t\t\t<img decoding=\"async\" src=\"\/\/infinity-economics.io\/wp-content\/plugins\/revslider\/public\/assets\/assets\/transparent.png\" alt=\"Slide\" title=\"Home \u2022 Infinity Economics Platform\" class=\"rev-slidebg tp-rs-img\" data-no-retina>\n<!--\n\t\t\t\t\t\t\t--><rs-layer\n\t\t\t\t\t\t\t\tid=\"slider-3-slide-4-layer-0\" \n\t\t\t\t\t\t\t\tdata-type=\"image\"\n\t\t\t\t\t\t\t\tdata-rsp_ch=\"on\"\n\t\t\t\t\t\t\t\tdata-xy=\"x:c;xo:2px;y:c;yo:-15px;\"\n\t\t\t\t\t\t\t\tdata-text=\"w:normal;\"\n\t\t\t\t\t\t\t\tdata-dim=\"w:100%;\"\n\t\t\t\t\t\t\t\tdata-basealign=\"slide\"\n\t\t\t\t\t\t\t\tdata-frame_0=\"sX:2;sY:2;\"\n\t\t\t\t\t\t\t\tdata-frame_0_mask=\"u:t;\"\n\t\t\t\t\t\t\t\tdata-frame_1=\"e:power2.out;sp:9000;\"\n\t\t\t\t\t\t\t\tdata-frame_1_mask=\"u:t;\"\n\t\t\t\t\t\t\t\tdata-frame_999=\"o:0;st:w;\"\n\t\t\t\t\t\t\t\tstyle=\"z-index:9;\"\n\t\t\t\t\t\t\t><img loading=\"lazy\" decoding=\"async\" src=\"\/\/infinity-economics.io\/wp-content\/uploads\/2021\/05\/slide1.jpg\" alt=\"Home Banner\" class=\"tp-rs-img\" width=\"2480\" height=\"1000\" data-c=\"fullwidth\" data-no-retina> \n\t\t\t\t\t\t\t<\/rs-layer><!--\n\n\t\t\t\t\t\t\t--><rs-layer\n\t\t\t\t\t\t\t\tid=\"slider-3-slide-4-layer-1\" \n\t\t\t\t\t\t\t\tdata-type=\"text\"\n\t\t\t\t\t\t\t\tdata-color=\"#fff\"\n\t\t\t\t\t\t\t\tdata-rsp_ch=\"on\"\n\t\t\t\t\t\t\t\tdata-xy=\"x:c;xo:-2px;y:c;yo:-7px;\"\n\t\t\t\t\t\t\t\tdata-text=\"w:normal;s:75;l:75;ls:0px;fw:600;\"\n\t\t\t\t\t\t\t\tdata-dim=\"minh:0;\"\n\t\t\t\t\t\t\t\tdata-frame_999=\"o:0;st:w;sR:8700;\"\n\t\t\t\t\t\t\t\tstyle=\"z-index:10;font-family:Montserrat;\"\n\t\t\t\t\t\t\t>We will change the world. \n\t\t\t\t\t\t\t<\/rs-layer><!--\n\n\t\t\t\t\t\t\t--><rs-layer\n\t\t\t\t\t\t\t\tid=\"slider-3-slide-4-layer-4\" \n\t\t\t\t\t\t\t\tclass=\"rev-btn\"\n\t\t\t\t\t\t\t\tdata-type=\"button\"\n\t\t\t\t\t\t\t\tdata-color=\"#000000\"\n\t\t\t\t\t\t\t\tdata-rsp_ch=\"on\"\n\t\t\t\t\t\t\t\tdata-xy=\"x:c;xo:-6px;y:c;yo:145px;\"\n\t\t\t\t\t\t\t\tdata-text=\"w:normal;s:21;l:44;fw:500;a:center;\"\n\t\t\t\t\t\t\t\tdata-dim=\"minh:0;\"\n\t\t\t\t\t\t\t\tdata-actions='o:click;a:playvideo;layer:backgroundvideo;'\n\t\t\t\t\t\t\t\tdata-padding=\"r:28;l:28;\"\n\t\t\t\t\t\t\t\tdata-border=\"bor:16px,16px,16px,16px;\"\n\t\t\t\t\t\t\t\tdata-frame_999=\"o:0;st:w;sR:8700;\"\n\t\t\t\t\t\t\t\tdata-frame_hover=\"c:#fff;bgc:#000;bor:16px,16px,16px,16px;\"\n\t\t\t\t\t\t\t\tstyle=\"z-index:11;background-color:rgba(255,255,255,1);font-family:Roboto;\"\n\t\t\t\t\t\t\t><a href=\"#\" class=\"wp-video-popup\">Play Trailer <i class=\"fa-chevron-right\"><\/i><\/a> \n\t\t\t\t\t\t\t<\/rs-layer><!--\n-->\t\t\t\t\t\t<\/rs-slide>\n\t\t\t\t\t<\/rs-slides>\n\t\t\t\t<\/rs-module>\n\t\t\t\t<script type=\"text\/javascript\">\n\t\t\t\t\tsetREVStartSize({c: 'rev_slider_3_1',rl:[1240,1024,778,480],el:[700],gw:[1240],gh:[700],type:'standard',justify:'',layout:'fullwidth',mh:\"0\"});\n\t\t\t\t\tvar\trevapi3,\n\t\t\t\t\t\ttpj;\n\t\t\t\t\tfunction revinit_revslider31() {\n\t\t\t\t\tjQuery(function() {\n\t\t\t\t\t\ttpj = jQuery;\n\t\t\t\t\t\trevapi3 = tpj(\"#rev_slider_3_1\");\n\t\t\t\t\t\tif(revapi3==undefined || revapi3.revolution == undefined){\n\t\t\t\t\t\t\trevslider_showDoubleJqueryError(\"rev_slider_3_1\");\n\t\t\t\t\t\t}else{\n\t\t\t\t\t\t\trevapi3.revolution({\n\t\t\t\t\t\t\t\tDPR:\"dpr\",\n\t\t\t\t\t\t\t\tsliderLayout:\"fullwidth\",\n\t\t\t\t\t\t\t\tvisibilityLevels:\"1240,1024,778,480\",\n\t\t\t\t\t\t\t\tgridwidth:1240,\n\t\t\t\t\t\t\t\tgridheight:700,\n\t\t\t\t\t\t\t\tperspective:600,\n\t\t\t\t\t\t\t\tperspectiveType:\"global\",\n\t\t\t\t\t\t\t\teditorheight:\"700,768,960,720\",\n\t\t\t\t\t\t\t\tresponsiveLevels:\"1240,1024,778,480\",\n\t\t\t\t\t\t\t\tstopAtSlide:1,\n\t\t\t\t\t\t\t\tstopAfterLoops:0,\n\t\t\t\t\t\t\t\tstopLoop:true,\n\t\t\t\t\t\t\t\tprogressBar:{disableProgressBar:true},\n\t\t\t\t\t\t\t\tnavigation: {\n\t\t\t\t\t\t\t\t\tonHoverStop:false\n\t\t\t\t\t\t\t\t},\n\t\t\t\t\t\t\t\tfallbacks: {\n\t\t\t\t\t\t\t\t\tallowHTML5AutoPlayOnAndroid:true\n\t\t\t\t\t\t\t\t},\n\t\t\t\t\t\t\t});\n\t\t\t\t\t\t}\n\t\t\t\t\t\t\n\t\t\t\t\t});\n\t\t\t\t\t} \/\/ End of RevInitScript\n\t\t\t\tvar once_revslider31 = false;\n\t\t\t\tif (document.readyState === \"loading\") {document.addEventListener('readystatechange',function() { if((document.readyState === \"interactive\" || document.readyState === \"complete\") && !once_revslider31 ) { once_revslider31 = true; revinit_revslider31();}});} else {once_revslider31 = true; revinit_revslider31();}\n\t\t\t\t<\/script>\n\t\t\t<\/rs-module-wrap>\n\t\t\t<!-- END REVOLUTION SLIDER -->\n\n\n\t<div class=\"wp-video-popup-wrapper\">\n\t\t<div class=\"wp-video-popup-close\"><\/div>\n\t\t<iframe class=\"wp-video-popup-video is-hosted is-landscape is-resizable\" src=\"\" data-wp-video-popup-url=\"https:\/\/www.youtube.com\/embed\/eWLB2ZCF834?autoplay=1&#038;mute=1\" frameborder=\"0\" allowfullscreen allow=\"autoplay\">\n\t\t<\/iframe>\n\t<\/div>\n\t\r\n<p>[\/vc_column_text][\/vc_column][\/vc_row][vc_row el_class=&#8220;row-grey&#8220;][vc_column][vc_row_inner][vc_column_inner width=&#8220;1\/6&#8243;][vc_icon icon_fontawesome=&#8220;far fa-file-code&#8220; color=&#8220;black&#8220; size=&#8220;lg&#8220; align=&#8220;center&#8220;][vc_custom_heading text=&#8220;Open Source&#8220; font_container=&#8220;tag:h2|font_size:20px|text_align:center|color:%23000000&#8243; google_fonts=&#8220;font_family:Montserrat%3Aregular%2C700|font_style:400%20regular%3A400%3Anormal&#8220;][\/vc_column_inner][vc_column_inner width=&#8220;1\/6&#8243;][vc_icon icon_fontawesome=&#8220;fas fa-shield-alt&#8220; color=&#8220;black&#8220; size=&#8220;lg&#8220; align=&#8220;center&#8220;][vc_custom_heading text=&#8220;Best Security&#8220; font_container=&#8220;tag:h2|font_size:20px|text_align:center|color:%23000000&#8243; google_fonts=&#8220;font_family:Montserrat%3Aregular%2C700|font_style:400%20regular%3A400%3Anormal&#8220;][\/vc_column_inner][vc_column_inner width=&#8220;1\/6&#8243;][vc_icon icon_fontawesome=&#8220;fas fa-link&#8220; color=&#8220;black&#8220; size=&#8220;lg&#8220; align=&#8220;center&#8220;][vc_custom_heading text=&#8220;Chain Viewer&#8220; font_container=&#8220;tag:h2|font_size:20px|text_align:center|color:%23000000&#8243; google_fonts=&#8220;font_family:Montserrat%3Aregular%2C700|font_style:400%20regular%3A400%3Anormal&#8220;][\/vc_column_inner][vc_column_inner width=&#8220;1\/6&#8243;][vc_icon icon_fontawesome=&#8220;fas fa-compress-arrows-alt&#8220; color=&#8220;black&#8220; size=&#8220;lg&#8220; align=&#8220;center&#8220;][vc_custom_heading text=&#8220;Smart Contracts&#8220; font_container=&#8220;tag:h2|font_size:20px|text_align:center&#8220; google_fonts=&#8220;font_family:Montserrat%3Aregular%2C700|font_style:400%20regular%3A400%3Anormal&#8220;][\/vc_column_inner][vc_column_inner width=&#8220;1\/6&#8243;][vc_icon icon_fontawesome=&#8220;fas fa-wallet&#8220; color=&#8220;black&#8220; size=&#8220;lg&#8220; align=&#8220;center&#8220;][vc_custom_heading text=&#8220;Wallet&#8220; font_container=&#8220;tag:h2|font_size:20px|text_align:center|color:%23000000&#8243; google_fonts=&#8220;font_family:Montserrat%3Aregular%2C700|font_style:400%20regular%3A400%3Anormal&#8220;][\/vc_column_inner][vc_column_inner width=&#8220;1\/6&#8243;][vc_icon icon_fontawesome=&#8220;fas fa-cloud&#8220; color=&#8220;black&#8220; size=&#8220;lg&#8220; align=&#8220;center&#8220;][vc_custom_heading text=&#8220;Client Server (Node)&#8220; font_container=&#8220;tag:h2|font_size:20px|text_align:center|color:%23000000&#8243; google_fonts=&#8220;font_family:Montserrat%3Aregular%2C700|font_style:400%20regular%3A400%3Anormal&#8220;][\/vc_column_inner][\/vc_row_inner][\/vc_column][\/vc_row][vc_row el_class=&#8220;row-white&#8220;][vc_column width=&#8220;1\/3&#8243; css=&#8220;.vc_custom_1620813091385{background-color: #ffffff !important;border-radius: 2px !important;}&#8220;][mnky_content_box hover_effect=&#8220;slide-up-shadow-hover&#8220; border=&#8220;#edeeef&#8220; border_radius=&#8220;2px&#8220;][mnky_counter to=&#8220;0&#8243; el_class=&#8220;money-prefix count-item&#8220;][vc_empty_space][vc_column_text el_class=&#8220;box-white-text&#8220;]<\/p>\r\n<p>Marktkapitalisierung.\u00a0Unabh\u00e4ngig vom Standort von den Vorteilen unserer Blockchain profitieren.<\/p>\r\n<p>[\/vc_column_text][\/mnky_content_box][\/vc_column][vc_column width=&#8220;1\/3&#8243; css=&#8220;.vc_custom_1620811833194{background-color: #ffffff !important;border-radius: 2px !important;}&#8220;][mnky_content_box hover_effect=&#8220;slide-up-shadow-hover&#8220; border=&#8220;#edeeef&#8220; border_radius=&#8220;2px&#8220;][mnky_counter to=&#8220;220180&#8243; speed=&#8220;2000&#8243; el_class=&#8220;count-item&#8220;][vc_empty_space][vc_column_text el_class=&#8220;box-white-text&#8220;]<\/p>\r\n<p>Community Mitglieder.\u00a0Sorgen f\u00fcr die stetige Weiterentwicklung der Blockchain.<\/p>\r\n<p>[\/vc_column_text][\/mnky_content_box][\/vc_column][vc_column width=&#8220;1\/3&#8243; css=&#8220;.vc_custom_1620811790437{background-color: #ffffff !important;border-radius: 2px !important;}&#8220;][mnky_content_box hover_effect=&#8220;slide-up-shadow-hover&#8220; border=&#8220;#edeeef&#8220; border_radius=&#8220;2px&#8220;][mnky_counter to=&#8220;63383&#8243; speed=&#8220;3000&#8243; el_class=&#8220;count-item&#8220;][vc_empty_space][vc_column_text el_class=&#8220;box-white-text&#8220;]<\/p>\r\n<p>Erstellte Wallets.\u00a0\u00a0Erstelle jetzt dein pers\u00f6nliches Wallet und nutze den zukunftssicheren XIN-Coin.<\/p>\r\n<p>[\/vc_column_text][\/mnky_content_box][\/vc_column][\/vc_row][vc_row el_class=&#8220;row-grey&#8220;][vc_column width=&#8220;2\/3&#8243;][vc_empty_space height=&#8220;25px&#8220;][vc_custom_heading text=&#8220;Wallet erstellen&#8220; font_container=&#8220;tag:h2|font_size:30px|text_align:left|color:%23000000&#8243; google_fonts=&#8220;font_family:Montserrat%3Aregular%2C700|font_style:700%20bold%20regular%3A700%3Anormal&#8220;][vc_column_text]<\/p>\r\n<p>Um in den Genuss der Vorteile der Infinity Economics Plattform zu kommen ben\u00f6tigst du nur ein vollkommen anonymes Wallet.<\/p>\r\n<p>[\/vc_column_text][vc_empty_space height=&#8220;30px&#8220;][vc_btn title=&#8220;Jetzt loslegen!&#8220; style=&#8220;gradient-custom&#8220; gradient_custom_color_2=&#8220;#f3931b&#8220; shape=&#8220;round&#8220; link=&#8220;url:https%3A%2F%2Finfinityeconomics419665112.wpcomstaging.com%2Fde%2Floslegen%2F|title:Get%20started%20now!|target:_blank&#8220; el_class=&#8220;flat-black&#8220;][\/vc_column][vc_column width=&#8220;1\/3&#8243;][vc_empty_space height=&#8220;75px&#8220;][vc_icon icon_fontawesome=&#8220;far fa-money-bill-alt&#8220; color=&#8220;custom&#8220; size=&#8220;xl&#8220; align=&#8220;center&#8220; custom_color=&#8220;#e72d45&#8243; el_class=&#8220;big-icon&#8220;][\/vc_column][\/vc_row][vc_row el_class=&#8220;row-white&#8220;][vc_column el_class=&#8220;row-white&#8220;][vc_custom_heading text=&#8220;Eine neue Plattform f\u00fcr eine neue Welt&#8220; font_container=&#8220;tag:h2|font_size:30px|text_align:center|color:%23000000&#8243; google_fonts=&#8220;font_family:Montserrat%3Aregular%2C700|font_style:400%20regular%3A400%3Anormal&#8220;][mnky_content_slider flex_animation=&#8220;slide&#8220; slide_speed=&#8220;0&#8243;][mnky_content_slider_tab][vc_row_inner][vc_column_inner width=&#8220;1\/2&#8243;][vc_empty_space][vc_custom_heading text=&#8220;Smart Contracts&#8220; font_container=&#8220;tag:h2|font_size:24px|text_align:left&#8220; google_fonts=&#8220;font_family:Montserrat%3Aregular%2C700|font_style:400%20regular%3A400%3Anormal&#8220;][vc_column_text]<\/p>\r\n<p>Eines der vielversprechendsten Features der Infinity Economics Plattform sind die automatisierten Transaktionen (AT), auch Smart Contracts genannt. Diese intelligenten Vertr\u00e4ge sind kleine Programme, die vollautomaisch nach einem zuvor bestimmten Ablauf (Wenn-Dann-Sonst-Logik) die Bedingungen eines Vertrages erf\u00fcllen. Smart Contracts k\u00f6nnen auf der Blockchain von Infinity Economics eingesetzt werden und haben das Potenzial die Verwendung des Internet of Things massentauglich zu machen.<\/p>\r\n<p>[\/vc_column_text][\/vc_column_inner][vc_column_inner width=&#8220;1\/2&#8243;][mnky_retina_image img_url=&#8220;149&#8243; align=&#8220;retina-image-center&#8220;][\/vc_column_inner][\/vc_row_inner][\/mnky_content_slider_tab][mnky_content_slider_tab][vc_row_inner][vc_column_inner width=&#8220;1\/2&#8243;][vc_empty_space][vc_custom_heading text=&#8220;Asset Handel&#8220; font_container=&#8220;tag:h2|font_size:24px|text_align:left&#8220; google_fonts=&#8220;font_family:Montserrat%3Aregular%2C700|font_style:400%20regular%3A400%3Anormal&#8220;][vc_column_text]<\/p>\r\n<p>Mit der Asset Exchange k\u00f6nnen Verm\u00f6genswerte angelegt, gekauft und verkauft werden. So k\u00f6nnen auch Daten dargestellt werden, die \u00fcber den einfachen Coin-Handel hinausgehen. Das er\u00f6ffnet vielf\u00e4ltige, neue M\u00f6glichkeiten f\u00fcr Gesch\u00e4fte. Der Asset Exchange basiert auf dem Konzept der Colored Coin, bei dem eine Coin oder ein Satz von Coins als festgelegt markiert bezeichnet werden kann, um etwas anderes darzustellen. Im Gegensatz dazu funktionieren viele andere Kryptow\u00e4hrungen ausschlie\u00dflich als solche und haben keine weitere Funktion.<\/p>\r\n<p>[\/vc_column_text][\/vc_column_inner][vc_column_inner width=&#8220;1\/2&#8243;][mnky_retina_image img_url=&#8220;152&#8243; align=&#8220;retina-image-center&#8220;][\/vc_column_inner][\/vc_row_inner][\/mnky_content_slider_tab][mnky_content_slider_tab][vc_row_inner][vc_column_inner width=&#8220;1\/2&#8243;][vc_empty_space][vc_custom_heading text=&#8220;Escrow Service&#8220; font_container=&#8220;tag:h2|font_size:24px|text_align:left&#8220; google_fonts=&#8220;font_family:Montserrat%3Aregular%2C700|font_style:400%20regular%3A400%3Anormal&#8220;][vc_column_text]<\/p>\r\n<p>Der Escrow Service erm\u00f6glicht eine sichere Zahlung, indem die Coins eines K\u00e4ufers sicher gehalten werden, bis die Bedingungen des Verkaufs erf\u00fcllt sind und der K\u00e4ufer die Zahlung an den Verk\u00e4ufer freigibt.\u00a0In den meisten F\u00e4llen kommt es dadurch zu keinen Streitf\u00e4llen mehr, weitere Ma\u00dfnahmen Dritter sind damit nicht erforderlich.<\/p>\r\n<p>[\/vc_column_text][\/vc_column_inner][vc_column_inner width=&#8220;1\/2&#8243;][mnky_retina_image img_url=&#8220;171&#8243; align=&#8220;retina-image-center&#8220;][\/vc_column_inner][\/vc_row_inner][\/mnky_content_slider_tab][\/mnky_content_slider][vc_btn title=&#8220;Alle Features&#8220; style=&#8220;gradient-custom&#8220; gradient_custom_color_2=&#8220;#f3931b&#8220; shape=&#8220;round&#8220; align=&#8220;center&#8220; link=&#8220;url:https%3A%2F%2Finfinityeconomics419665112.wpcomstaging.com%2Ffeatures%2F&#8220; el_class=&#8220;flat-black link-sign-out&#8220;][\/vc_column][\/vc_row][vc_row el_class=&#8220;row-grey&#8220;][vc_column width=&#8220;1\/2&#8243;][vc_custom_heading text=&#8220;Weltweite Akzeptanz&#8220; font_container=&#8220;tag:h2|font_size:30px|text_align:left&#8220;][vc_empty_space][vc_column_text]<\/p>\r\n<p style=\"font-size: 22px; font-weight: 300;\">Unser Ziel ist die weltweite Akzeptanz unseres XIN-Coins sowohl online als auch offline. Schon jetzt kann man mit XIN bezahlen, sobald man das Akzeptanzlogo sieht.<\/p>\r\n<p>[\/vc_column_text][\/vc_column][vc_column width=&#8220;1\/2&#8243;][mnky_retina_image img_url=&#8220;198&#8243; align=&#8220;retina-image-center&#8220;][\/vc_column][\/vc_row][vc_row el_class=&#8220;row-white&#8220;][vc_column width=&#8220;1\/2&#8243; el_class=&#8220;row-grey&#8220;][vc_empty_space][vc_icon icon_fontawesome=&#8220;fas fa-code&#8220; color=&#8220;custom&#8220; size=&#8220;xl&#8220; align=&#8220;center&#8220; el_class=&#8220;big-icon&#8220; custom_color=&#8220;#e72d45&#8243;][\/vc_column][vc_column width=&#8220;1\/2&#8243;][vc_empty_space][vc_custom_heading text=&#8220;Die Blockchain mitentwickeln&#8220;][vc_column_text]<\/p>\r\n<p>Der Einstieg in die Entwicklung auf unserer Blockchain ist sehr einfach. \u00dcber eine API kannst du s\u00e4mtliche Funktionen sofort nutzen.<\/p>\r\n<p>[\/vc_column_text][vc_empty_space][vc_btn title=&#8220;Jetzt Blockchain Entwickler werden!&#8220; style=&#8220;gradient-custom&#8220; gradient_custom_color_2=&#8220;#f3931b&#8220; shape=&#8220;round&#8220; link=&#8220;url:https%3A%2F%2Finfinityeconomics419665112.wpcomstaging.com%2Fdevelopment%2F|title:Start%20developing%20now!&#8220; el_class=&#8220;flat-black&#8220;][\/vc_column][\/vc_row][vc_row el_class=&#8220;row-grey&#8220;][vc_column width=&#8220;1\/2&#8243;][vc_empty_space][vc_custom_heading text=&#8220;Sicherheit &amp; Transparenz&#8220;][vc_column_text]<\/p>\r\n<p>Seit Beginn ist die Infinity Economics Plattform ein Community-Projekt. Die Entscheidungskraft liegt somit bei allen Community-Mitgliedern. Die Plattform nutzt\u00a0Elliptic Curve Cryptography-Kryptographie\u00a0(ECC) und\u00a0SHA256 Hashing-Algorithmen, um eine Balance aus Sicherheit und Performance zu schaffen.<\/p>\r\n<p>[\/vc_column_text][vc_empty_space][vc_btn title=&#8220;Mehr zum Thema Sicherheit&#8220; style=&#8220;gradient-custom&#8220; gradient_custom_color_2=&#8220;#f3931b&#8220; shape=&#8220;round&#8220; link=&#8220;url:https%3A%2F%2Finfinityeconomics419665112.wpcomstaging.com%2Ftransparency%2F|title:Read%20more&#8220; el_class=&#8220;flat-black&#8220;][\/vc_column][vc_column width=&#8220;1\/2&#8243;][vc_empty_space height=&#8220;80px&#8220;][vc_icon icon_fontawesome=&#8220;fas fa-shield-alt&#8220; color=&#8220;custom&#8220; size=&#8220;xl&#8220; align=&#8220;center&#8220; custom_color=&#8220;#e72d45&#8243; el_class=&#8220;big-icon&#8220;][\/vc_column][\/vc_row][vc_row el_class=&#8220;row-white&#8220;][vc_column width=&#8220;1\/2&#8243;][vc_raw_html]JTVCY3VzdG9tLXR3aXR0ZXItZmVlZHMlNUQ=[\/vc_raw_html][\/vc_column][vc_column width=&#8220;1\/2&#8243;][vc_custom_heading text=&#8220;Telegram Gruppen&#8220; font_container=&#8220;tag:h2|font_size:30px|text_align:left&#8220;][vc_column_text]<\/p>\r\n<p style=\"font-size: 22px; font-weight: 300;\">Unsere offiziellen Telegram Gruppen halten dich auf dem Laufenden und erm\u00f6glichen dir den Austausch mit Mitgliedern aus der Community.<\/p>\r\n<p>[\/vc_column_text][vc_empty_space][vc_btn title=&#8220;Zu den Telegram Gruppen&#8220; style=&#8220;gradient-custom&#8220; gradient_custom_color_2=&#8220;#f3931b&#8220; shape=&#8220;round&#8220; link=&#8220;url:https%3A%2F%2Finfinityeconomics419665112.wpcomstaging.com%2Ftelegram-groups%2F|title:To%20our%20telegram%20groups&#8220; el_class=&#8220;flat-black&#8220;][\/vc_column][\/vc_row]<\/p>\r\n","protected":false},"excerpt":{"rendered":"<p>[vc_row][vc_column css=&#8220;.vc_custom_1621353096456{margin-top: -40px !important;}&#8220;][vc_column_text] Infinity Economics Home [\/vc_column_text][\/vc_column][\/vc_row][vc_row el_class=&#8220;row-grey&#8220;][vc_column][vc_row_inner][vc_column_inner width=&#8220;1\/6&#8243;][vc_icon icon_fontawesome=&#8220;far fa-file-code&#8220; color=&#8220;black&#8220; size=&#8220;lg&#8220; align=&#8220;center&#8220;][vc_custom_heading text=&#8220;Open Source&#8220; font_container=&#8220;tag:h2|font_size:20px|text_align:center|color:%23000000&#8243; google_fonts=&#8220;font_family:Montserrat%3Aregular%2C700|font_style:400%20regular%3A400%3Anormal&#8220;][\/vc_column_inner][vc_column_inner width=&#8220;1\/6&#8243;][vc_icon &hellip; <\/p>\n","protected":false},"author":205932052,"featured_media":0,"parent":0,"menu_order":1,"comment_status":"closed","ping_status":"closed","template":"page-no-paddings.php","meta":{"_coblocks_attr":"","_coblocks_dimensions":"","_coblocks_responsive_height":"","_coblocks_accordion_ie_support":"","_crdt_document":"","jetpack_post_was_ever_published":false,"footnotes":""},"class_list":["post-891","page","type-page","status-publish","hentry"],"yoast_head":"<!-- This site is optimized with the Yoast SEO plugin v27.3 - https:\/\/yoast.com\/product\/yoast-seo-wordpress\/ -->\n<title>Home \u2022 Infinity Economics Platform &#8226; Infinity Economics Platform<\/title>\n<meta name=\"description\" content=\"Infinity Economics is a user and service-centric multipurpose blockchain and cryptocurrency based platform.\" \/>\n<meta name=\"robots\" content=\"index, follow, max-snippet:-1, max-image-preview:large, max-video-preview:-1\" \/>\n<link rel=\"canonical\" href=\"https:\/\/infinity-economics.io\/de\/\" \/>\n<meta property=\"og:locale\" content=\"de_DE\" \/>\n<meta property=\"og:type\" content=\"article\" \/>\n<meta property=\"og:title\" content=\"Home \u2022 Infinity Economics Platform &#8226; Infinity Economics Platform\" \/>\n<meta property=\"og:description\" content=\"Infinity Economics is a user and service-centric multipurpose blockchain and cryptocurrency based platform.\" \/>\n<meta property=\"og:url\" content=\"https:\/\/infinity-economics.io\/de\/\" \/>\n<meta property=\"og:site_name\" content=\"Infinity Economics Platform\" \/>\n<meta property=\"article:modified_time\" content=\"2021-06-14T10:45:13+00:00\" \/>\n<meta name=\"twitter:card\" content=\"summary_large_image\" \/>\n<meta name=\"twitter:label1\" content=\"Gesch\u00e4tzte Lesezeit\" \/>\n\t<meta name=\"twitter:data1\" content=\"3\u00a0Minuten\" \/>\n<script type=\"application\/ld+json\" class=\"yoast-schema-graph\">{\"@context\":\"https:\\\/\\\/schema.org\",\"@graph\":[{\"@type\":\"WebPage\",\"@id\":\"https:\\\/\\\/infinity-economics.io\\\/de\\\/\",\"url\":\"https:\\\/\\\/infinity-economics.io\\\/de\\\/\",\"name\":\"Home \u2022 Infinity Economics Platform &#8226; Infinity Economics Platform\",\"isPartOf\":{\"@id\":\"https:\\\/\\\/infinity-economics.io\\\/#website\"},\"datePublished\":\"2021-05-06T07:44:58+00:00\",\"dateModified\":\"2021-06-14T10:45:13+00:00\",\"description\":\"Infinity Economics is a user and service-centric multipurpose blockchain and cryptocurrency based platform.\",\"breadcrumb\":{\"@id\":\"https:\\\/\\\/infinity-economics.io\\\/de\\\/#breadcrumb\"},\"inLanguage\":\"de\",\"potentialAction\":[{\"@type\":\"ReadAction\",\"target\":[\"https:\\\/\\\/infinity-economics.io\\\/de\\\/\"]}]},{\"@type\":\"BreadcrumbList\",\"@id\":\"https:\\\/\\\/infinity-economics.io\\\/de\\\/#breadcrumb\",\"itemListElement\":[{\"@type\":\"ListItem\",\"position\":1,\"name\":\"Home\",\"item\":\"https:\\\/\\\/infinity-economics.io\\\/de\\\/\"},{\"@type\":\"ListItem\",\"position\":2,\"name\":\"Home \u2022 Infinity Economics Platform\"}]},{\"@type\":\"WebSite\",\"@id\":\"https:\\\/\\\/infinity-economics.io\\\/#website\",\"url\":\"https:\\\/\\\/infinity-economics.io\\\/\",\"name\":\"Infinity Economics Platform\",\"description\":\"\",\"potentialAction\":[{\"@type\":\"SearchAction\",\"target\":{\"@type\":\"EntryPoint\",\"urlTemplate\":\"https:\\\/\\\/infinity-economics.io\\\/?s={search_term_string}\"},\"query-input\":{\"@type\":\"PropertyValueSpecification\",\"valueRequired\":true,\"valueName\":\"search_term_string\"}}],\"inLanguage\":\"de\"}]}<\/script>\n<!-- \/ Yoast SEO plugin. -->","yoast_head_json":{"title":"Home \u2022 Infinity Economics Platform &#8226; Infinity Economics Platform","description":"Infinity Economics is a user and service-centric multipurpose blockchain and cryptocurrency based platform.","robots":{"index":"index","follow":"follow","max-snippet":"max-snippet:-1","max-image-preview":"max-image-preview:large","max-video-preview":"max-video-preview:-1"},"canonical":"https:\/\/infinity-economics.io\/de\/","og_locale":"de_DE","og_type":"article","og_title":"Home \u2022 Infinity Economics Platform &#8226; Infinity Economics Platform","og_description":"Infinity Economics is a user and service-centric multipurpose blockchain and cryptocurrency based platform.","og_url":"https:\/\/infinity-economics.io\/de\/","og_site_name":"Infinity Economics Platform","article_modified_time":"2021-06-14T10:45:13+00:00","twitter_card":"summary_large_image","twitter_misc":{"Gesch\u00e4tzte Lesezeit":"3\u00a0Minuten"},"schema":{"@context":"https:\/\/schema.org","@graph":[{"@type":"WebPage","@id":"https:\/\/infinity-economics.io\/de\/","url":"https:\/\/infinity-economics.io\/de\/","name":"Home \u2022 Infinity Economics Platform &#8226; Infinity Economics Platform","isPartOf":{"@id":"https:\/\/infinity-economics.io\/#website"},"datePublished":"2021-05-06T07:44:58+00:00","dateModified":"2021-06-14T10:45:13+00:00","description":"Infinity Economics is a user and service-centric multipurpose blockchain and cryptocurrency based platform.","breadcrumb":{"@id":"https:\/\/infinity-economics.io\/de\/#breadcrumb"},"inLanguage":"de","potentialAction":[{"@type":"ReadAction","target":["https:\/\/infinity-economics.io\/de\/"]}]},{"@type":"BreadcrumbList","@id":"https:\/\/infinity-economics.io\/de\/#breadcrumb","itemListElement":[{"@type":"ListItem","position":1,"name":"Home","item":"https:\/\/infinity-economics.io\/de\/"},{"@type":"ListItem","position":2,"name":"Home \u2022 Infinity Economics Platform"}]},{"@type":"WebSite","@id":"https:\/\/infinity-economics.io\/#website","url":"https:\/\/infinity-economics.io\/","name":"Infinity Economics Platform","description":"","potentialAction":[{"@type":"SearchAction","target":{"@type":"EntryPoint","urlTemplate":"https:\/\/infinity-economics.io\/?s={search_term_string}"},"query-input":{"@type":"PropertyValueSpecification","valueRequired":true,"valueName":"search_term_string"}}],"inLanguage":"de"}]}},"jetpack_shortlink":"https:\/\/wp.me\/Pd2Q5N-en","jetpack_sharing_enabled":false,"amp_enabled":false,"_links":{"self":[{"href":"https:\/\/infinity-economics.io\/de\/wp-json\/wp\/v2\/pages\/891","targetHints":{"allow":["GET"]}}],"collection":[{"href":"https:\/\/infinity-economics.io\/de\/wp-json\/wp\/v2\/pages"}],"about":[{"href":"https:\/\/infinity-economics.io\/de\/wp-json\/wp\/v2\/types\/page"}],"author":[{"embeddable":true,"href":"https:\/\/infinity-economics.io\/de\/wp-json\/wp\/v2\/users\/205932052"}],"replies":[{"embeddable":true,"href":"https:\/\/infinity-economics.io\/de\/wp-json\/wp\/v2\/comments?post=891"}],"version-history":[{"count":24,"href":"https:\/\/infinity-economics.io\/de\/wp-json\/wp\/v2\/pages\/891\/revisions"}],"predecessor-version":[{"id":1122,"href":"https:\/\/infinity-economics.io\/de\/wp-json\/wp\/v2\/pages\/891\/revisions\/1122"}],"wp:attachment":[{"href":"https:\/\/infinity-economics.io\/de\/wp-json\/wp\/v2\/media?parent=891"}],"curies":[{"name":"wp","href":"https:\/\/api.w.org\/{rel}","templated":true}]}}